{"id":579,"date":"2024-07-05T17:54:26","date_gmt":"2024-07-05T17:54:26","guid":{"rendered":"https:\/\/diyprp.com\/?page_id=579"},"modified":"2024-07-05T18:24:37","modified_gmt":"2024-07-05T18:24:37","slug":"system-performance","status":"publish","type":"page","link":"https:\/\/diyprp.com\/pt\/system-performance\/","title":{"rendered":"Desempenho do Sistema"},"content":{"rendered":"<div class=\"wp-block-group has-global-padding is-layout-constrained wp-container-core-group-is-layout-7db9d80f wp-block-group-is-layout-constrained\" style=\"padding-right:0;padding-left:0\">\n<h2 class=\"wp-block-heading\"><strong><strong>Leukocyte-poor <\/strong>Preparation 26\/06\/2024<\/strong><\/h2>\n\n\n\n<h3 class=\"wp-block-heading\">Sangue Total Basal<\/h3>\n\n\n\n<figure class=\"wp-block-image size-large\"><img decoding=\"async\" width=\"1024\" height=\"474\" src=\"https:\/\/diyprp.com\/wp-content\/uploads\/2024\/07\/sangue-total-1024x474.png\" alt=\"\" class=\"wp-image-526\" srcset=\"https:\/\/diyprp.com\/wp-content\/uploads\/2024\/07\/sangue-total-1024x474.png 1024w, https:\/\/diyprp.com\/wp-content\/uploads\/2024\/07\/sangue-total-300x139.png 300w, https:\/\/diyprp.com\/wp-content\/uploads\/2024\/07\/sangue-total-768x355.png 768w, https:\/\/diyprp.com\/wp-content\/uploads\/2024\/07\/sangue-total-1536x711.png 1536w, https:\/\/diyprp.com\/wp-content\/uploads\/2024\/07\/sangue-total-2048x948.png 2048w, https:\/\/diyprp.com\/wp-content\/uploads\/2024\/07\/sangue-total-18x8.png 18w\" sizes=\"(max-width: 1024px) 100vw, 1024px\" \/><\/figure>\n\n\n\n<h3 class=\"wp-block-heading\">PRP 1 \u2013 LP-PRP (mais pobre) \u2013 <strong>7.3x<\/strong><\/h3>\n\n\n\n<figure class=\"wp-block-image size-large\"><img decoding=\"async\" width=\"1024\" height=\"479\" src=\"https:\/\/diyprp.com\/wp-content\/uploads\/2024\/07\/lp-prp-more-poor-1024x479.png\" alt=\"\" class=\"wp-image-527\" srcset=\"https:\/\/diyprp.com\/wp-content\/uploads\/2024\/07\/lp-prp-more-poor-1024x479.png 1024w, https:\/\/diyprp.com\/wp-content\/uploads\/2024\/07\/lp-prp-more-poor-300x140.png 300w, https:\/\/diyprp.com\/wp-content\/uploads\/2024\/07\/lp-prp-more-poor-768x360.png 768w, https:\/\/diyprp.com\/wp-content\/uploads\/2024\/07\/lp-prp-more-poor-1536x719.png 1536w, https:\/\/diyprp.com\/wp-content\/uploads\/2024\/07\/lp-prp-more-poor-2048x959.png 2048w, https:\/\/diyprp.com\/wp-content\/uploads\/2024\/07\/lp-prp-more-poor-18x8.png 18w\" sizes=\"(max-width: 1024px) 100vw, 1024px\" \/><\/figure>\n\n\n\n<h3 class=\"wp-block-heading\">PRP 2 \u2013 LP-PRP (menos pobre) \u2013 <strong>8.4x<\/strong><\/h3>\n\n\n\n<figure class=\"wp-block-image size-large\"><img decoding=\"async\" width=\"1024\" height=\"469\" src=\"https:\/\/diyprp.com\/wp-content\/uploads\/2024\/07\/lp-prp-less-poor-1024x469.png\" alt=\"\" class=\"wp-image-528\" srcset=\"https:\/\/diyprp.com\/wp-content\/uploads\/2024\/07\/lp-prp-less-poor-1024x469.png 1024w, https:\/\/diyprp.com\/wp-content\/uploads\/2024\/07\/lp-prp-less-poor-300x137.png 300w, https:\/\/diyprp.com\/wp-content\/uploads\/2024\/07\/lp-prp-less-poor-768x351.png 768w, https:\/\/diyprp.com\/wp-content\/uploads\/2024\/07\/lp-prp-less-poor-1536x703.png 1536w, https:\/\/diyprp.com\/wp-content\/uploads\/2024\/07\/lp-prp-less-poor-2048x937.png 2048w, https:\/\/diyprp.com\/wp-content\/uploads\/2024\/07\/lp-prp-less-poor-18x8.png 18w\" sizes=\"(max-width: 1024px) 100vw, 1024px\" \/><\/figure>\n\n\n\n<h3 class=\"wp-block-heading\" style=\"margin-right:0;margin-left:0\">Tabela de Dados<\/h3>\n\n\n\n<figure class=\"wp-block-table\"><style>\n  table {\n    width: 100%;\n    border-collapse: collapse;\n  }\n  th, td {\n    border: 1px solid black;\n    padding: 8px;\n    text-align: center;\n  }\n  th {\n    background-color: #f2f2f2;\n  }\n  tr:nth-child(even) {\n    background-color: #f9f9f9;\n  }\n<\/style>\n\n<table>\n  <thead>\n    <tr>\n      <th>Par\u00e2metro<\/th>\n      <th>Sangue Total Basal<\/th>\n      <th>PRP 1 LP-PRP (mais pobre)<\/th>\n      <th>PRP 2 LP-PRP (menos pobre)<\/th>\n    <\/tr>\n  <\/thead>\n  <tbody>\n    <tr>\n      <td>RBC<\/td>\n      <td>5.42<\/td>\n      <td>0.0<\/td>\n      <td>0.01<\/td>\n    <\/tr>\n    <tr>\n      <td>HCT<\/td>\n      <td>50.5%<\/td>\n      <td><\/td>\n      <td><\/td>\n    <\/tr>\n    <tr>\n      <td>MCV<\/td>\n      <td>93 fl<\/td>\n      <td><\/td>\n      <td><\/td>\n    <\/tr>\n    <tr>\n      <td>RDW%<\/td>\n      <td>14.6%<\/td>\n      <td><\/td>\n      <td><\/td>\n    <\/tr>\n    <tr>\n      <td>RDWa<\/td>\n      <td>80.3 fl<\/td>\n      <td><\/td>\n      <td><\/td>\n    <\/tr>\n    <tr>\n      <td>HGR<\/td>\n      <td>15.2 g\/dL<\/td>\n      <td>0.1 g\/dL<\/td>\n      <td>0.1 g\/dL<\/td>\n    <\/tr>\n    <tr>\n      <td>MCH<\/td>\n      <td>28.1 pg<\/td>\n      <td><\/td>\n      <td><\/td>\n    <\/tr>\n    <tr>\n      <td>MCHC<\/td>\n      <td>30.2 g\/dL<\/td>\n      <td><\/td>\n      <td><\/td>\n    <\/tr>\n    <tr>\n      <td>PLT<\/td>\n      <td>73 (10^9\/L)<\/td>\n      <td>534 (10^9\/L)<\/td>\n      <td>617 (10^9\/L)<\/td>\n    <\/tr>\n    <tr>\n      <td>PCT<\/td>\n      <td>0.06%<\/td>\n      <td>0.33%<\/td>\n      <td>0.39%<\/td>\n    <\/tr>\n    <tr>\n      <td>MPV<\/td>\n      <td>8.5 fl<\/td>\n      <td>6.2 fl<\/td>\n      <td>6.4 fl<\/td>\n    <\/tr>\n    <tr>\n      <td>PDW<\/td>\n      <td>13.1 fl<\/td>\n      <td>9.6 fl<\/td>\n      <td>9.7 fl<\/td>\n    <\/tr>\n    <tr>\n      <td>LPCR<\/td>\n      <td>20.7%<\/td>\n      <td>5.4%<\/td>\n      <td>7.4%<\/td>\n    <\/tr>\n    <tr>\n      <td>WBC<\/td>\n      <td>5.9 (10^9\/L)<\/td>\n      <td>0.1 (10^9\/L)<\/td>\n      <td>0.8 (10^9\/L)<\/td>\n    <\/tr>\n    <tr>\n      <td>LYM<\/td>\n      <td>2.5 (43%)<\/td>\n      <td><\/td>\n      <td>0.8 (92.8%)<\/td>\n    <\/tr>\n    <tr>\n      <td>GRAN<\/td>\n      <td>3.0 (51%)<\/td>\n      <td><\/td>\n      <td>0.0 (2.3%)<\/td>\n    <\/tr>\n    <tr>\n      <td>MTD<\/td>\n      <td>0.4 (6.0%)<\/td>\n      <td><\/td>\n      <td>0.0 (4.9%)<\/td>\n    <\/tr>\n    <tr>\n      <td><strong>Redu\u00e7\u00e3o % RBC<\/strong><\/td>\n      <td><strong><\/strong><\/td>\n      <td><strong>100.0%<\/strong><\/td>\n      <td><strong>99.82%<\/strong><\/td>\n    <\/tr>\n    <tr>\n      <td><strong>Redu\u00e7\u00e3o % WBC<\/strong><\/td>\n      <td><strong><\/strong><\/td>\n      <td><strong>98.31%<\/strong><\/td>\n      <td><strong>86.44%<\/strong><\/td>\n    <\/tr>\n    <tr>\n      <td><strong>Redu\u00e7\u00e3o % LYM<\/strong><\/td>\n      <td><strong><\/strong><\/td>\n      <td><strong>100.0%<!--<\/strong--><\/strong><\/td>\n      <td><strong>68.0%<!--<\/strong--><\/strong><\/td>\n    <\/tr>\n    <tr>\n      <td><strong>Redu\u00e7\u00e3o % GRAN<\/strong><\/td>\n      <td><strong><\/strong><\/td>\n      <td><strong>100.0%<!--<\/strong--><\/strong><\/td>\n      <td><strong>100.0%<!--<\/strong--><\/strong><\/td>\n    <\/tr>\n    <tr>\n      <td><strong>Redu\u00e7\u00e3o % MTD<\/strong><\/td>\n      <td><strong><\/strong><\/td>\n      <td><strong>100.0%<!--<\/strong--><\/strong><\/td>\n      <td><strong>100.0%<!--<\/strong--><\/strong><\/td>\n    <\/tr>\n    <tr>\n      <td><strong>Concentra\u00e7\u00e3o<\/strong><\/td>\n      <td><strong><\/strong><\/td>\n      <td><strong>7.32x<\/strong><\/td>\n      <td><strong>8.45x<\/strong><\/td>\n    <\/tr>\n  <\/tbody>\n<\/table>\n<\/figure>\n\n\n\n<div style=\"height:10px\" aria-hidden=\"true\" class=\"wp-block-spacer\"><\/div>\n\n\n\n<h3 class=\"wp-block-heading\"><strong>Observa\u00e7\u00f5es de Hemograma<\/strong><\/h3>\n\n\n\n<p><strong>PRP 1 LP-PRP (mais pobre)<\/strong><\/p>\n\n\n\n<ul class=\"wp-block-list\">\n<li>Fator de concentra\u00e7\u00e3o de <strong>7.32x<\/strong>.<\/li>\n\n\n\n<li>Redu\u00e7\u00e3o de eritr\u00f3citos em quase <strong>100%<\/strong>.<\/li>\n\n\n\n<li>Redu\u00e7\u00e3o de granul\u00f3citos em quase <strong>100%<\/strong>.<\/li>\n\n\n\n<li>Leuc\u00f3citos (granul\u00f3citos, linf\u00f3citos, mon\u00f3citos) significativamente reduzidos em mais de <strong>98%<\/strong>.<\/li>\n<\/ul>\n\n\n\n<p><strong>PRP 2 LP-PRP (menos pobre)<\/strong><\/p>\n\n\n\n<ul class=\"wp-block-list\">\n<li>Fator de concentra\u00e7\u00e3o de <strong>8.45x<\/strong>.<\/li>\n\n\n\n<li>Redu\u00e7\u00e3o de eritr\u00f3citos em quase <strong>100%<\/strong>.<\/li>\n\n\n\n<li>Redu\u00e7\u00e3o de granul\u00f3citos em quase <strong>100%<\/strong>.<\/li>\n\n\n\n<li>Leuc\u00f3citos (granul\u00f3citos, linf\u00f3citos, mon\u00f3citos) significativamente reduzidos em mais de <strong>86%<\/strong>.<\/li>\n<\/ul>\n<\/div>\n\n\n\n<div class=\"wp-block-group has-global-padding is-layout-constrained wp-container-core-group-is-layout-7db9d80f wp-block-group-is-layout-constrained\" style=\"padding-right:0;padding-left:0\">\n<div style=\"height:50px\" aria-hidden=\"true\" class=\"wp-block-spacer\"><\/div>\n\n\n\n<h2 class=\"wp-block-heading\"><strong><strong>Leukocyte-poor <\/strong>PRP Preparation 04\/07\/2024<\/strong><\/h2>\n\n\n\n<h3 class=\"wp-block-heading\">Sangue Total Basal<\/h3>\n\n\n\n<figure class=\"wp-block-image size-large\"><img decoding=\"async\" width=\"1024\" height=\"522\" src=\"https:\/\/diyprp.com\/wp-content\/uploads\/2024\/07\/03-07-sangue-total-1024x522.png\" alt=\"\" class=\"wp-image-545\" srcset=\"https:\/\/diyprp.com\/wp-content\/uploads\/2024\/07\/03-07-sangue-total-1024x522.png 1024w, https:\/\/diyprp.com\/wp-content\/uploads\/2024\/07\/03-07-sangue-total-300x153.png 300w, https:\/\/diyprp.com\/wp-content\/uploads\/2024\/07\/03-07-sangue-total-768x391.png 768w, https:\/\/diyprp.com\/wp-content\/uploads\/2024\/07\/03-07-sangue-total-1536x782.png 1536w, https:\/\/diyprp.com\/wp-content\/uploads\/2024\/07\/03-07-sangue-total-2048x1043.png 2048w, https:\/\/diyprp.com\/wp-content\/uploads\/2024\/07\/03-07-sangue-total-18x9.png 18w\" sizes=\"(max-width: 1024px) 100vw, 1024px\" \/><\/figure>\n\n\n\n<h3 class=\"wp-block-heading\">PRP Pobre em Leuc\u00f3citos (LP-PRP) \u2013 <strong>6.82x<\/strong><\/h3>\n\n\n\n<figure class=\"wp-block-image size-large\"><img decoding=\"async\" width=\"1024\" height=\"518\" src=\"https:\/\/diyprp.com\/wp-content\/uploads\/2024\/07\/03-07-prp-1024x518.png\" alt=\"\" class=\"wp-image-546\" srcset=\"https:\/\/diyprp.com\/wp-content\/uploads\/2024\/07\/03-07-prp-1024x518.png 1024w, https:\/\/diyprp.com\/wp-content\/uploads\/2024\/07\/03-07-prp-300x152.png 300w, https:\/\/diyprp.com\/wp-content\/uploads\/2024\/07\/03-07-prp-768x389.png 768w, https:\/\/diyprp.com\/wp-content\/uploads\/2024\/07\/03-07-prp-1536x777.png 1536w, https:\/\/diyprp.com\/wp-content\/uploads\/2024\/07\/03-07-prp-2048x1037.png 2048w, https:\/\/diyprp.com\/wp-content\/uploads\/2024\/07\/03-07-prp-18x9.png 18w\" sizes=\"(max-width: 1024px) 100vw, 1024px\" \/><\/figure>\n\n\n\n<h3 class=\"wp-block-heading\">Plasma Pobre em Plaquetas (PPP)<\/h3>\n\n\n\n<figure class=\"wp-block-image size-large\"><img decoding=\"async\" width=\"1024\" height=\"527\" src=\"https:\/\/diyprp.com\/wp-content\/uploads\/2024\/07\/03-07-ppp-1024x527.png\" alt=\"\" class=\"wp-image-547\" srcset=\"https:\/\/diyprp.com\/wp-content\/uploads\/2024\/07\/03-07-ppp-1024x527.png 1024w, https:\/\/diyprp.com\/wp-content\/uploads\/2024\/07\/03-07-ppp-300x154.png 300w, https:\/\/diyprp.com\/wp-content\/uploads\/2024\/07\/03-07-ppp-768x395.png 768w, https:\/\/diyprp.com\/wp-content\/uploads\/2024\/07\/03-07-ppp-1536x790.png 1536w, https:\/\/diyprp.com\/wp-content\/uploads\/2024\/07\/03-07-ppp-2048x1054.png 2048w, https:\/\/diyprp.com\/wp-content\/uploads\/2024\/07\/03-07-ppp-18x9.png 18w\" sizes=\"(max-width: 1024px) 100vw, 1024px\" \/><\/figure>\n\n\n\n<div style=\"height:20px\" aria-hidden=\"true\" class=\"wp-block-spacer\"><\/div>\n\n\n\n<h3 class=\"wp-block-heading\" style=\"margin-right:0;margin-left:0\">Tabela de Dados<\/h3>\n\n\n\n<figure class=\"wp-block-table\"><style>\n  table {\n    width: 100%;\n    border-collapse: collapse;\n  }\n  th, td {\n    border: 1px solid black;\n    padding: 8px;\n    text-align: center;\n  }\n  th {\n    background-color: #f2f2f2;\n  }\n  tr:nth-child(even) {\n    background-color: #f9f9f9;\n  }\n<\/style>\n\n<table>\n  <thead>\n    <tr>\n      <th>Par\u00e2metro<\/th>\n      <th>Sangue Total Basal<\/th>\n      <th>PRP<\/th>\n      <th>PPP<\/th>\n    <\/tr>\n  <\/thead>\n  <tbody>\n    <tr>\n      <td>RBC<\/td>\n      <td>3.67 (10^12\/L)<\/td>\n      <td>0.03 (10^12\/L)<\/td>\n      <td>0.00 (10^12\/L)<\/td>\n    <\/tr>\n    <tr>\n      <td>HCT<\/td>\n      <td>33.8%<\/td>\n      <td><\/td>\n      <td><\/td>\n    <\/tr>\n    <tr>\n      <td>MCV<\/td>\n      <td>92.1 fl<\/td>\n      <td><\/td>\n      <td><\/td>\n    <\/tr>\n    <tr>\n      <td>RDW%<\/td>\n      <td>14.7<\/td>\n      <td><\/td>\n      <td><\/td>\n    <\/tr>\n    <tr>\n      <td>RDWa<\/td>\n      <td>78.7 fl<\/td>\n      <td><\/td>\n      <td><\/td>\n    <\/tr>\n    <tr>\n      <td>HGR<\/td>\n      <td>10.2 g\/dL<\/td>\n      <td>0.2 g\/dL<\/td>\n      <td>0.0 g\/dL<\/td>\n    <\/tr>\n    <tr>\n      <td>MCH<\/td>\n      <td>27.8 pg<\/td>\n      <td><\/td>\n      <td><\/td>\n    <\/tr>\n    <tr>\n      <td>MCHC<\/td>\n      <td>30.2 g\/dL<\/td>\n      <td><\/td>\n      <td><\/td>\n    <\/tr>\n    <tr>\n      <td>PLT<\/td>\n      <td>130 (10^9\/L)<\/td>\n      <td>887 (10^9\/L)<\/td>\n      <td>13 (10^9\/L)<\/td>\n    <\/tr>\n    <tr>\n      <td>PCT<\/td>\n      <td>0.1%<\/td>\n      <td>0.64%<\/td>\n      <td><\/td>\n    <\/tr>\n    <tr>\n      <td>MPV<\/td>\n      <td>8.1 fl<\/td>\n      <td>7.3 fl<\/td>\n      <td><\/td>\n    <\/tr>\n    <tr>\n      <td>PDW<\/td>\n      <td>12.4 fl<\/td>\n      <td>11.0 fl<\/td>\n      <td><\/td>\n    <\/tr>\n    <tr>\n      <td>LPCR<\/td>\n      <td>19.2%<\/td>\n      <td>11.5%<\/td>\n      <td><\/td>\n    <\/tr>\n    <tr>\n      <td>WBC<\/td>\n      <td>3.3 (10^9\/L)<\/td>\n      <td>1.8 (10^9\/L)<\/td>\n      <td>0.0 (10^9\/L)<\/td>\n    <\/tr>\n    <tr>\n      <td>LYM<\/td>\n      <td>1.5 (45%)<\/td>\n      <td>1.6 (90.7%)<\/td>\n      <td><\/td>\n    <\/tr>\n    <tr>\n      <td>GRAN<\/td>\n      <td>1.5 (44.4%)<\/td>\n      <td>0.1 (5.6%)<\/td>\n      <td><\/td>\n    <\/tr>\n    <tr>\n      <td>MTD<\/td>\n      <td>0.3 (10.6%)<\/td>\n      <td>0.1 (3.7%)<\/td>\n      <td><\/td>\n    <\/tr>\n    <tr>\n      <td><strong>Plaquetas Totais (em 10^9)<\/strong><\/td>\n      <td><strong>7.800<\/strong><\/td>\n      <td><strong>4.435<\/strong><\/td>\n      <td><strong>0.065<\/strong><\/td>\n    <\/tr>\n    <tr>\n      <td><strong>Percentual de Recupera\u00e7\u00e3o de Plaquetas<\/strong><\/td>\n      <td><strong><\/strong><\/td>\n      <td><strong>56.86%<\/strong><\/td>\n      <td><strong><\/strong><\/td>\n    <\/tr>\n    <tr>\n      <td><strong>Redu\u00e7\u00e3o % RBC<\/strong><\/td>\n      <td><strong><\/strong><\/td>\n      <td><strong>99.93%<\/strong><\/td>\n      <td><strong>100%<\/strong><\/td>\n    <\/tr>\n    <tr>\n      <td><strong>Redu\u00e7\u00e3o % WBC<\/strong><\/td>\n      <td><strong><\/strong><\/td>\n      <td><strong>95.45%<\/strong><\/td>\n      <td><strong>100%<\/strong><\/td>\n    <\/tr>\n    <tr>\n      <td><strong>Redu\u00e7\u00e3o % LYM<\/strong><\/td>\n      <td><strong><\/strong><\/td>\n      <td><strong>91.11%<\/strong><\/td>\n      <td><strong>100%<\/strong><\/td>\n    <\/tr>\n    <tr>\n      <td><strong>Redu\u00e7\u00e3o % GRAN<\/strong><\/td>\n      <td><strong><\/strong><\/td>\n      <td><strong>99.44%<\/strong><\/td>\n      <td><strong>100%<\/strong><\/td>\n    <\/tr>\n    <tr>\n      <td><strong>Redu\u00e7\u00e3o % MTD<\/strong><\/td>\n      <td><strong><\/strong><\/td>\n      <td><strong>97.22%<\/<\/strong><\/td>\n      <td><strong>100%<\/strong><\/td>\n    <\/tr>\n    <tr>\n      <td><strong>Porcentagem de Recupera\u00e7\u00e3o de WBC<\/strong><\/td>\n      <td><strong><\/strong><\/td>\n      <td><strong>4.55%<\/strong><\/td>\n      <td><strong>0%<\/strong><\/td>\n    <\/tr>\n    <tr>\n      <td><strong>Concentra\u00e7\u00e3o de Plaquetas<\/strong><\/td>\n      <td><strong><\/strong><\/td>\n      <td><strong>6.82x<\/strong><\/td>\n      <td><strong><\/strong><\/td>\n    <\/tr>\n  <\/tbody>\n<\/table>\n<\/figure>\n\n\n\n<div style=\"height:10px\" aria-hidden=\"true\" class=\"wp-block-spacer\"><\/div>\n\n\n\n<h3 class=\"wp-block-heading\"><strong>Observa\u00e7\u00f5es de Hemograma<\/strong><\/h3>\n\n\n\n<p><strong>Observa\u00e7\u00f5es do PRP<\/strong><\/p>\n\n\n\n<ul class=\"wp-block-list\">\n<li>Fator de concentra\u00e7\u00e3o de <strong>6.82x<\/strong> em <strong>5 mL<\/strong> de PRP preparado.<\/li>\n\n\n\n<li>Alta recupera\u00e7\u00e3o de plaquetas, superior a <strong>56%<\/strong>.<\/li>\n\n\n\n<li>Mais de <strong>4,4 bilh\u00f5es<\/strong> de plaquetas para fornecer terapia eficaz.<\/li>\n\n\n\n<li>Redu\u00e7\u00e3o de eritr\u00f3citos em quase <strong>100%<\/strong>.<\/li>\n\n\n\n<li>Redu\u00e7\u00e3o de granul\u00f3citos em quase <strong>100%<\/strong>.<\/li>\n\n\n\n<li>Leuc\u00f3citos (granul\u00f3citos, linf\u00f3citos, mon\u00f3citos) significativamente reduzidos em mais de <strong>90%<\/strong>.<\/li>\n<\/ul>\n\n\n\n<p><strong>Observa\u00e7\u00f5es do PPP<\/strong><\/p>\n\n\n\n<ul class=\"wp-block-list\">\n<li>Praticamente <strong>100%<\/strong> dos eritr\u00f3citos e leuc\u00f3citos removidos do plasma.<\/li>\n\n\n\n<li>O PPP \u00e9 praticamente <strong>desprovido <\/strong>de c\u00e9lulas.<\/li>\n\n\n\n<li>Baixa perda de plaquetas, apenas <strong>8.3%<\/strong>.<\/li>\n<\/ul>\n<\/div>\n\n\n\n<div class=\"wp-block-group has-global-padding is-layout-constrained wp-container-core-group-is-layout-7db9d80f wp-block-group-is-layout-constrained\" style=\"padding-right:0;padding-left:0\">\n<div style=\"height:50px\" aria-hidden=\"true\" class=\"wp-block-spacer\"><\/div>\n\n\n\n<h2 class=\"wp-block-heading\"><strong>Leukocyte-rich PRP Preparation 26\/06\/2024<\/strong><\/h2>\n<\/div>\n\n\n\n<h2 class=\"wp-block-heading\">Sangue Total Basal<\/h2>\n\n\n\n<figure class=\"wp-block-image size-large\"><img decoding=\"async\" width=\"1024\" height=\"474\" src=\"https:\/\/diyprp.com\/wp-content\/uploads\/2024\/07\/sangue-total-1024x474.png\" alt=\"\" class=\"wp-image-526\" srcset=\"https:\/\/diyprp.com\/wp-content\/uploads\/2024\/07\/sangue-total-1024x474.png 1024w, https:\/\/diyprp.com\/wp-content\/uploads\/2024\/07\/sangue-total-300x139.png 300w, https:\/\/diyprp.com\/wp-content\/uploads\/2024\/07\/sangue-total-768x355.png 768w, https:\/\/diyprp.com\/wp-content\/uploads\/2024\/07\/sangue-total-1536x711.png 1536w, https:\/\/diyprp.com\/wp-content\/uploads\/2024\/07\/sangue-total-2048x948.png 2048w, https:\/\/diyprp.com\/wp-content\/uploads\/2024\/07\/sangue-total-18x8.png 18w\" sizes=\"(max-width: 1024px) 100vw, 1024px\" \/><\/figure>\n\n\n\n<h2 class=\"wp-block-heading\">LR-PRP &#8211; 17.9x<\/h2>\n\n\n\n<figure class=\"wp-block-image size-large\"><img decoding=\"async\" width=\"1024\" height=\"477\" src=\"https:\/\/diyprp.com\/wp-content\/uploads\/2024\/07\/lr-prp-1024x477.png\" alt=\"\" class=\"wp-image-597\" srcset=\"https:\/\/diyprp.com\/wp-content\/uploads\/2024\/07\/lr-prp-1024x477.png 1024w, https:\/\/diyprp.com\/wp-content\/uploads\/2024\/07\/lr-prp-300x140.png 300w, https:\/\/diyprp.com\/wp-content\/uploads\/2024\/07\/lr-prp-768x358.png 768w, https:\/\/diyprp.com\/wp-content\/uploads\/2024\/07\/lr-prp-1536x716.png 1536w, https:\/\/diyprp.com\/wp-content\/uploads\/2024\/07\/lr-prp-2048x954.png 2048w, https:\/\/diyprp.com\/wp-content\/uploads\/2024\/07\/lr-prp-18x8.png 18w\" sizes=\"(max-width: 1024px) 100vw, 1024px\" \/><\/figure>\n\n\n\n<div style=\"height:30px\" aria-hidden=\"true\" class=\"wp-block-spacer\"><\/div>\n\n\n\n<h2 class=\"wp-block-heading\">Tabela de Dados<\/h2>\n\n\n\n<figure class=\"wp-block-table\"><style>\n  table {\n    width: 100%;\n    border-collapse: collapse;\n  }\n  th, td {\n    border: 1px solid black;\n    padding: 8px;\n    text-align: center;\n  }\n  th {\n    background-color: #f2f2f2;\n  }\n  tr:nth-child(even) {\n    background-color: #f9f9f9;\n  }\n<\/style>\n\n<table>\n  <thead>\n    <tr>\n      <th>Par\u00e2metro<\/th>\n      <th>Sangue Total Basal<\/th>\n      <th>LR-PRP<\/th>\n    <\/tr>\n  <\/thead>\n  <tbody>\n    <tr>\n      <td>RBC<\/td>\n      <td>5.42<\/td>\n      <td>1.61<\/td>\n    <\/tr>\n    <tr>\n      <td>HCT<\/td>\n      <td>50.5%<\/td>\n      <td>14.5%<\/td>\n    <\/tr>\n    <tr>\n      <td>MCV<\/td>\n      <td>93 fl<\/td>\n      <td>90.2 fl<\/td>\n    <\/tr>\n    <tr>\n      <td>RDW%<\/td>\n      <td>14.6%<\/td>\n      <td>16%<\/td>\n    <\/tr>\n    <tr>\n      <td>RDWa<\/td>\n      <td>80.3 fl<\/td>\n      <td>77 fl<\/td>\n    <\/tr>\n    <tr>\n      <td>HGR<\/td>\n      <td>15.2 g\/dL<\/td>\n      <td>5 g\/dL<\/td>\n    <\/tr>\n    <tr>\n      <td>MCH<\/td>\n      <td>28.1 pg<\/td>\n      <td>31 pg<\/td>\n    <\/tr>\n    <tr>\n      <td>MCHC<\/td>\n      <td>30.2 g\/dL<\/td>\n      <td>34.4 g\/dL<\/td>\n    <\/tr>\n    <tr>\n      <td>PLT<\/td>\n      <td>73 (10^9\/L)<\/td>\n      <td>1307 (10^9\/L)<\/td>\n    <\/tr>\n    <tr>\n      <td>PCT<\/td>\n      <td>0.06%<\/td>\n      <td>0.98%<\/td>\n    <\/tr>\n    <tr>\n      <td>MPV<\/td>\n      <td>8.5 fl<\/td>\n      <td>7.5 fl<\/td>\n    <\/tr>\n    <tr>\n      <td>PDW<\/td>\n      <td>13.1 fl<\/td>\n      <td>11.2 fl<\/td>\n    <\/tr>\n    <tr>\n      <td>LPCR<\/td>\n      <td>20.7%<\/td>\n      <td>12.7%<\/td>\n    <\/tr>\n    <tr>\n      <td>WBC<\/td>\n      <td>5.9 (10^9\/L)<\/td>\n      <td>22.1 (10^9\/L)<\/td>\n    <\/tr>\n    <tr>\n      <td>LYM<\/td>\n      <td>2.5 (43%)<\/td>\n      <td>16.8 (76.1%)<\/td>\n    <\/tr>\n    <tr>\n      <td>GRAN<\/td>\n      <td>3.0 (51%)<\/td>\n      <td>3.1 (14.3%)<\/td>\n    <\/tr>\n    <tr>\n      <td>MTD<\/td>\n      <td>0.4 (6.0%)<\/td>\n      <td>2.2 (9.6%)<\/td>\n    <\/tr>\n    <tr>\n      <td><strong>Plaquetas Totais (em 10^9)<\/strong><\/td>\n      <td><strong>3.358<\/strong><\/td>\n      <td><strong>1.307<\/strong><\/td>\n    <\/tr>\n    <tr>\n      <td><strong>Percentual de Recupera\u00e7\u00e3o de Plaquetas<\/strong><\/td>\n      <td><strong><\/strong><\/td>\n      <td><strong>38.92%<\/strong><\/td>\n    <\/tr>\n    <tr>\n      <td><strong>Redu\u00e7\u00e3o % RBC<\/strong><\/td>\n      <td><strong><\/strong><\/td>\n      <td><strong>70.30%<\/<\/td>\n    <\/tr>\n    <tr>\n      <td><strong>Redu\u00e7\u00e3o % WBC<\/strong><\/td>\n      <td><strong><\/strong><\/td>\n      <td><strong>-274.58%<\/<\/td>\n    <\/tr>\n    <tr>\n      <td><strong>Redu\u00e7\u00e3o % LYM<\/strong><\/td>\n      <td><strong><\/strong><\/td>\n      <td><strong>-572.0%<\/<\/td>\n    <\/tr>\n    <tr>\n      <td><strong>Redu\u00e7\u00e3o % GRAN<\/strong><\/td>\n      <td><strong><\/strong><\/td>\n      <td><strong>-3.33%<\/<\/td>\n    <\/tr>\n    <tr>\n      <td><strong>Redu\u00e7\u00e3o % MTD<\/strong><\/td>\n      <td><strong><\/strong><\/td>\n      <td><strong>-450.0%<\/<\/td>\n    <\/tr>\n    <tr>\n      <td><strong>Porcentagem de Recupera\u00e7\u00e3o de WBC<\/strong><\/td>\n      <td><strong><\/strong><\/td>\n      <td><strong>81.4%<\/<\/td>\n    <\/tr>\n    <tr>\n      <td><strong>Concentra\u00e7\u00e3o de Plaquetas<\/strong><\/td>\n      <td><strong><\/strong><\/td>\n      <td><strong>17.9x<\/strong><\/td>\n    <\/tr>\n  <\/tbody>\n<\/table>\n<\/figure>","protected":false},"excerpt":{"rendered":"<p>Leukocyte-poor Preparation 26\/06\/2024 Baseline Whole Blood PRP 1 &#8211; LP-PRP (more poor) &#8211; 7.3x PRP 2 &#8211; LP-PRP (less poor) &#8211; 8.4x Data Table Parameter Baseline Whole Blood PRP 1 LP-PRP (more poor) PRP 2 LP-PRP (less poor) RBC 5.42 0.0 0.01 HCT 50.5% MCV 93 fl RDW% 14.6% RDWa 80.3 fl HGR 15.2 g\/dL [&hellip;]<\/p>\n","protected":false},"author":1,"featured_media":0,"parent":0,"menu_order":0,"comment_status":"closed","ping_status":"closed","template":"","meta":{"footnotes":""},"class_list":["post-579","page","type-page","status-publish","hentry"],"_links":{"self":[{"href":"https:\/\/diyprp.com\/pt\/wp-json\/wp\/v2\/pages\/579","targetHints":{"allow":["GET"]}}],"collection":[{"href":"https:\/\/diyprp.com\/pt\/wp-json\/wp\/v2\/pages"}],"about":[{"href":"https:\/\/diyprp.com\/pt\/wp-json\/wp\/v2\/types\/page"}],"author":[{"embeddable":true,"href":"https:\/\/diyprp.com\/pt\/wp-json\/wp\/v2\/users\/1"}],"replies":[{"embeddable":true,"href":"https:\/\/diyprp.com\/pt\/wp-json\/wp\/v2\/comments?post=579"}],"version-history":[{"count":10,"href":"https:\/\/diyprp.com\/pt\/wp-json\/wp\/v2\/pages\/579\/revisions"}],"predecessor-version":[{"id":600,"href":"https:\/\/diyprp.com\/pt\/wp-json\/wp\/v2\/pages\/579\/revisions\/600"}],"wp:attachment":[{"href":"https:\/\/diyprp.com\/pt\/wp-json\/wp\/v2\/media?parent=579"}],"curies":[{"name":"wp","href":"https:\/\/api.w.org\/{rel}","templated":true}]}}